{"id":1193,"date":"2020-03-20T16:43:22","date_gmt":"2020-03-20T15:43:22","guid":{"rendered":"https:\/\/www.theshopskema.com\/?post_type=product&#038;p=1193"},"modified":"2025-05-23T08:10:57","modified_gmt":"2025-05-23T06:10:57","slug":"pochette-dordinateur","status":"publish","type":"product","link":"https:\/\/www.theshopskema.com\/en\/product\/pochette-dordinateur\/","title":{"rendered":"Computer case"},"content":{"rendered":"<p>Disponible en deux coloris, cette housse d&#8217;ordinateur habillera et prot\u00e9gera votre cher ordinateur \u00e0 la perfection.<\/p>","protected":false},"excerpt":{"rendered":"<p>Pochette d&#8217;ordinateur &#8211; 13 pouces<\/p>\n<p>The Shop a pens\u00e9 \u00e0 vous et \u00e0 vos ordinateurs. Cette pochette a \u00e9t\u00e9 r\u00e9alis\u00e9e afin de prot\u00e9ger au mieux votre outil de travail le plus pr\u00e9cieux. Son esth\u00e9tique est inspir\u00e9 du quotidien des \u00e9tudiants de Skema.<\/p>\n<p>Disponible en 2 coloris (Noir &amp; bleu)<\/p>","protected":false},"featured_media":1541,"comment_status":"open","ping_status":"closed","template":"","meta":{"_mi_skip_tracking":false},"product_cat":[45],"product_tag":[],"class_list":["post-1193","product","type-product","status-publish","has-post-thumbnail","hentry","product_cat-accessoires"],"supplier_id":null,"supplier_sku":"","barcode":null,"atum_controlled":true,"out_stock_date":null,"out_stock_threshold":null,"inheritable":true,"inbound_stock":null,"stock_on_hold":1,"sold_today":0,"sales_last_days":0,"reserved_stock":null,"customer_returns":null,"warehouse_damage":null,"lost_in_post":null,"other_logs":null,"out_stock_days":0,"lost_sales":0,"has_location":false,"update_date":"2025-05-08T00:47:06","atum_locations":[],"atum_stock_status":"instock","restock_status":false,"low_stock_amount":5,"sales_update_date":"2025-05-08T00:47:06","calc_backorders":null,"_links":{"self":[{"href":"https:\/\/www.theshopskema.com\/en\/wp-json\/wp\/v2\/product\/1193","targetHints":{"allow":["GET"]}}],"collection":[{"href":"https:\/\/www.theshopskema.com\/en\/wp-json\/wp\/v2\/product"}],"about":[{"href":"https:\/\/www.theshopskema.com\/en\/wp-json\/wp\/v2\/types\/product"}],"replies":[{"embeddable":true,"href":"https:\/\/www.theshopskema.com\/en\/wp-json\/wp\/v2\/comments?post=1193"}],"wp:featuredmedia":[{"embeddable":true,"href":"https:\/\/www.theshopskema.com\/en\/wp-json\/wp\/v2\/media\/1541"}],"wp:attachment":[{"href":"https:\/\/www.theshopskema.com\/en\/wp-json\/wp\/v2\/media?parent=1193"}],"wp:term":[{"taxonomy":"product_cat","embeddable":true,"href":"https:\/\/www.theshopskema.com\/en\/wp-json\/wp\/v2\/product_cat?post=1193"},{"taxonomy":"product_tag","embeddable":true,"href":"https:\/\/www.theshopskema.com\/en\/wp-json\/wp\/v2\/product_tag?post=1193"}],"curies":[{"name":"wp","href":"https:\/\/api.w.org\/{rel}","templated":true}]}}