{"id":2355,"date":"2022-10-01T12:28:34","date_gmt":"2022-10-01T10:28:34","guid":{"rendered":"https:\/\/www.theshopskema.com\/?post_type=product&#038;p=2355"},"modified":"2025-04-11T17:19:54","modified_gmt":"2025-04-11T15:19:54","slug":"casquette-sun-therapy","status":"publish","type":"product","link":"https:\/\/www.theshopskema.com\/en\/product\/casquette-sun-therapy\/","title":{"rendered":"Casquette SUN THERAPY"},"content":{"rendered":"","protected":false},"excerpt":{"rendered":"<p>Il est grand temps de vous d\u00e9voiler notre casquette pour rhabiller vos t\u00eates durant toute l&#8217;ann\u00e9e et vous prot\u00e9ger du soleil du Sud. Blanche, Noire ou Bleu marine ? \u00c0 toi de choisir &#8230;<\/p>","protected":false},"featured_media":2352,"comment_status":"open","ping_status":"closed","template":"","meta":{"_mi_skip_tracking":false},"product_cat":[45],"product_tag":[],"class_list":["post-2355","product","type-product","status-publish","has-post-thumbnail","hentry","product_cat-accessoires"],"supplier_id":null,"supplier_sku":"","barcode":null,"atum_controlled":true,"out_stock_date":null,"out_stock_threshold":null,"inheritable":true,"inbound_stock":null,"stock_on_hold":1,"sold_today":0,"sales_last_days":0,"reserved_stock":null,"customer_returns":null,"warehouse_damage":null,"lost_in_post":null,"other_logs":null,"out_stock_days":0,"lost_sales":0,"has_location":false,"update_date":"2025-05-08T00:47:05","atum_locations":[],"atum_stock_status":"instock","restock_status":false,"low_stock_amount":"","sales_update_date":"2025-05-08T00:47:05","calc_backorders":null,"_links":{"self":[{"href":"https:\/\/www.theshopskema.com\/en\/wp-json\/wp\/v2\/product\/2355","targetHints":{"allow":["GET"]}}],"collection":[{"href":"https:\/\/www.theshopskema.com\/en\/wp-json\/wp\/v2\/product"}],"about":[{"href":"https:\/\/www.theshopskema.com\/en\/wp-json\/wp\/v2\/types\/product"}],"replies":[{"embeddable":true,"href":"https:\/\/www.theshopskema.com\/en\/wp-json\/wp\/v2\/comments?post=2355"}],"wp:featuredmedia":[{"embeddable":true,"href":"https:\/\/www.theshopskema.com\/en\/wp-json\/wp\/v2\/media\/2352"}],"wp:attachment":[{"href":"https:\/\/www.theshopskema.com\/en\/wp-json\/wp\/v2\/media?parent=2355"}],"wp:term":[{"taxonomy":"product_cat","embeddable":true,"href":"https:\/\/www.theshopskema.com\/en\/wp-json\/wp\/v2\/product_cat?post=2355"},{"taxonomy":"product_tag","embeddable":true,"href":"https:\/\/www.theshopskema.com\/en\/wp-json\/wp\/v2\/product_tag?post=2355"}],"curies":[{"name":"wp","href":"https:\/\/api.w.org\/{rel}","templated":true}]}}